{"id":1433,"date":"2025-03-18T22:50:47","date_gmt":"2025-03-18T21:50:47","guid":{"rendered":"https:\/\/www.campaniabioscience.it\/\/?page_id=1433"},"modified":"2025-03-28T12:35:16","modified_gmt":"2025-03-28T11:35:16","slug":"partners","status":"publish","type":"page","link":"https:\/\/www.campaniabioscience.it\/en\/impulse\/partners\/","title":{"rendered":"(Italiano) Partners"},"content":{"rendered":"Impulse<\/span><\/a><\/li><li class=\" wp-block-navigation-item  menu-item menu-item-type-custom menu-item-object-custom wp-block-navigation-link\"><a class=\"wp-block-navigation-item__content\"  href=\"https:\/\/www.campaniabioscience.it\/\/impulse\/sondaggi\/\" title=\"\"><span class=\"wp-block-navigation-item__label\">Impulse<\/span><\/a><\/li><li class=\" wp-block-navigation-item  menu-item menu-item-type-custom menu-item-object-custom wp-block-navigation-link\"><a class=\"wp-block-navigation-item__content\"  href=\"https:\/\/www.campaniabioscience.it\/\/impulse\/seminari\/\" title=\"\"><span class=\"wp-block-navigation-item__label\">Impulse<\/span><\/a><\/li><\/ul><\/li><\/ul>\n\t\t\t\t\t\t\t<\/div>\n\t\t\t\t\t\t<\/div>\n\t\t\t\t\t<\/div>\n\t\t\t\t<\/div><\/nav>\n\n\n<p><\/p>\n\n\n\n<div class=\"wp-block-columns is-layout-flex wp-container-core-columns-is-layout-1 wp-block-columns-is-layout-flex\">\n<div class=\"wp-block-column is-vertically-aligned-center is-layout-flow wp-block-column-is-layout-flow\">\n<h1 class=\"wp-block-heading\">I partners del progetto<\/h1>\n<\/div>\n\n\n\n<div class=\"wp-block-column is-vertically-aligned-center is-layout-flow wp-block-column-is-layout-flow\" style=\"flex-basis:30%\"><div class=\"wp-block-image\">\n<figure class=\"alignright size-full is-resized\"><img loading=\"lazy\" decoding=\"async\" width=\"370\" height=\"150\" src=\"https:\/\/www.campaniabioscience.it\/\/wp-content\/uploads\/2025\/03\/impulse-logo.webp\" alt=\"\" class=\"wp-image-1474\" style=\"width:auto;height:75px\"\/><\/figure><\/div><\/div>\n<\/div>\n\n\n\n<p>Il successo del progetto IMPULSE \u00e8 garantito dalla collaborazione tra soggetti con competenze complementari, in grado di fornire un contributo unico allo sviluppo delle varie fasi progettuali.<\/p>\n\n\n\n<div style=\"height:30px\" aria-hidden=\"true\" class=\"wp-block-spacer\"><\/div>\n\n\n\n<h3 class=\"wp-block-heading\"><strong>Distretto Campania Bioscience<\/strong><\/h3>\n\n\n\n<p>Capofila del progetto, il Distretto \u00e8 un riferimento per la ricerca e l\u2019innovazione nel settore delle biotecnologie e delle scienze della vita. Grazie alla sua rete di universit\u00e0, centri di ricerca e imprese, Campania Bioscience si occuper\u00e0 dell\u2019analisi delle tendenze di consumo nel settore agroalimentare, della gestione dei Living Labs virtuali e della sintesi dei risultati. Il Distretto sar\u00e0 inoltre responsabile della progettazione e implementazione del sistema digitale per la raccolta e l\u2019analisi dei dati.<\/p>\n\n\n\n<div style=\"height:30px\" aria-hidden=\"true\" class=\"wp-block-spacer\"><\/div>\n\n\n\n<h3 class=\"wp-block-heading\"><strong>Bioteknet<\/strong><\/h3>\n\n\n\n<p>Il centro di competenza regionale in biotecnologie industriali fornir\u00e0 un supporto essenziale nelle attivit\u00e0 di ricerca e sviluppo del progetto. Le sue competenze nel campo della bioeconomia e dell\u2019innovazione tecnologica saranno cruciali per la realizzazione degli strumenti di indagine, tra cui i questionari e le interviste che verranno utilizzati per raccogliere dati sulla disponibilit\u00e0 dei consumatori a pagare per prodotti sostenibili. Bioteknet contribuir\u00e0 anche all\u2019analisi e all\u2019elaborazione dei dati raccolti.<\/p>\n\n\n\n<div style=\"height:30px\" aria-hidden=\"true\" class=\"wp-block-spacer\"><\/div>\n\n\n\n<h3 class=\"wp-block-heading\"><strong>Universit\u00e0 degli Studi di Napoli Federico II (Dipartimento di Scienze Sociali)<\/strong><\/h3>\n\n\n\n<p>Con la sua expertise nella sociologia economica e nei processi di sostenibilit\u00e0, il Dipartimento di Scienze Sociali svolger\u00e0 un ruolo chiave nel fornire consulenze metodologiche e nella fase di progettazione delle attivit\u00e0 di indagine. Inoltre, contribuir\u00e0 all\u2019analisi critica dei risultati, garantendo una visione olistica e scientifica delle dinamiche di consumo.<\/p>\n\n\n\n<div style=\"height:30px\" aria-hidden=\"true\" class=\"wp-block-spacer\"><\/div>\n\n\n\n<p>Il progetto si avvarr\u00e0 delle competenze di <strong>Meetweb<\/strong>, specializzata in soluzioni digitali integrate, per la progettazione e l\u2019implementazione della piattaforma interattiva per i Virtual Living Labs, consentendo la raccolta e l\u2019analisi di dati. Grazie alla sua esperienza nella creazione di ambienti digitali, faciliter\u00e0 l\u2019interazione tra aziende, istituzioni e consumatori, promuovendo un&#8217;azione efficace delle pratiche di economia circolare.<\/p>\n\n\n\n<div style=\"height:60px\" aria-hidden=\"true\" class=\"wp-block-spacer\"><\/div>\n\n\n\n<h2 class=\"wp-block-heading\">Diario di bordo<\/h2>\n\n\n\n<p><\/p>","protected":false},"excerpt":{"rendered":"<p>Sorry, this entry is only available in Italiano.<\/p>\n","protected":false},"author":1,"featured_media":0,"parent":1427,"menu_order":49,"comment_status":"closed","ping_status":"closed","template":"template_landing-project.php","meta":{"footnotes":""},"class_list":["post-1433","page","type-page","status-publish","hentry"],"acf":[],"_links":{"self":[{"href":"https:\/\/www.campaniabioscience.it\/en\/wp-json\/wp\/v2\/pages\/1433","targetHints":{"allow":["GET"]}}],"collection":[{"href":"https:\/\/www.campaniabioscience.it\/en\/wp-json\/wp\/v2\/pages"}],"about":[{"href":"https:\/\/www.campaniabioscience.it\/en\/wp-json\/wp\/v2\/types\/page"}],"author":[{"embeddable":true,"href":"https:\/\/www.campaniabioscience.it\/en\/wp-json\/wp\/v2\/users\/1"}],"replies":[{"embeddable":true,"href":"https:\/\/www.campaniabioscience.it\/en\/wp-json\/wp\/v2\/comments?post=1433"}],"version-history":[{"count":8,"href":"https:\/\/www.campaniabioscience.it\/en\/wp-json\/wp\/v2\/pages\/1433\/revisions"}],"predecessor-version":[{"id":1585,"href":"https:\/\/www.campaniabioscience.it\/en\/wp-json\/wp\/v2\/pages\/1433\/revisions\/1585"}],"up":[{"embeddable":true,"href":"https:\/\/www.campaniabioscience.it\/en\/wp-json\/wp\/v2\/pages\/1427"}],"wp:attachment":[{"href":"https:\/\/www.campaniabioscience.it\/en\/wp-json\/wp\/v2\/media?parent=1433"}],"curies":[{"name":"wp","href":"https:\/\/api.w.org\/{rel}","templated":true}]}}