{"id":1427,"date":"2025-03-18T22:39:47","date_gmt":"2025-03-18T21:39:47","guid":{"rendered":"https:\/\/www.campaniabioscience.it\/\/?page_id=1427"},"modified":"2025-11-04T17:53:43","modified_gmt":"2025-11-04T16:53:43","slug":"impulse","status":"publish","type":"page","link":"https:\/\/www.campaniabioscience.it\/en\/impulse\/","title":{"rendered":"(Italiano) Impulse"},"content":{"rendered":"Impulse<\/span><\/a><\/li><li class=\" wp-block-navigation-item  menu-item menu-item-type-custom menu-item-object-custom wp-block-navigation-link\"><a class=\"wp-block-navigation-item__content\"  href=\"https:\/\/www.campaniabioscience.it\/\/impulse\/sondaggi\/\" title=\"\"><span class=\"wp-block-navigation-item__label\">Impulse<\/span><\/a><\/li><li class=\" wp-block-navigation-item  menu-item menu-item-type-custom menu-item-object-custom wp-block-navigation-link\"><a class=\"wp-block-navigation-item__content\"  href=\"https:\/\/www.campaniabioscience.it\/\/impulse\/seminari\/\" title=\"\"><span class=\"wp-block-navigation-item__label\">Impulse<\/span><\/a><\/li><\/ul><\/li><\/ul>\n\t\t\t\t\t\t\t<\/div>\n\t\t\t\t\t\t<\/div>\n\t\t\t\t\t<\/div>\n\t\t\t\t<\/div><\/nav>\n\n\n<div class=\"wp-block-columns is-layout-flex wp-container-core-columns-is-layout-1 wp-block-columns-is-layout-flex\">\n<div class=\"wp-block-column is-vertically-aligned-center is-layout-flow wp-block-column-is-layout-flow\">\n<h1 class=\"wp-block-heading\">Il progetto IMPULSE<\/h1>\n<\/div>\n\n\n\n<div class=\"wp-block-column is-vertically-aligned-center is-layout-flow wp-block-column-is-layout-flow\" style=\"flex-basis:30%\"><div class=\"wp-block-image\">\n<figure class=\"alignright size-full is-resized\"><img loading=\"lazy\" decoding=\"async\" width=\"370\" height=\"150\" src=\"https:\/\/www.campaniabioscience.it\/\/wp-content\/uploads\/2025\/03\/impulse-logo.webp\" alt=\"\" class=\"wp-image-1474\" style=\"width:auto;height:75px\"\/><\/figure><\/div><\/div>\n<\/div>\n\n\n\n<p><\/p>\n\n\n\n<div class=\"wp-block-columns is-layout-flex wp-container-core-columns-is-layout-2 wp-block-columns-is-layout-flex\">\n<div class=\"wp-block-column pe-5 is-layout-flow wp-block-column-is-layout-flow\" style=\"flex-basis:53%\">\n<p><strong>IMPULSE, iniziativa coordinata dal Distretto Tecnologico Campania Bioscience, esplora il rapporto tra sostenibilit\u00e0 e consumo nel settore agroalimentare, con l\u2019obiettivo di trasformare le scelte dei consumatori in motore per l\u2019innovazione circolare.<\/strong><\/p>\n\n\n\n<p>In un mondo sempre pi\u00f9 attento all\u2019ambiente, cresce l\u2019interesse per prodotti che rispettano criteri di sostenibilit\u00e0. Ma i consumatori sono disposti a pagare di pi\u00f9? IMPULSE si propone di indagare la propensione delle persone a investire nella sostenibilit\u00e0.<\/p>\n\n\n\n<p>Attraverso un approccio integrato, che unisce analisi comparate, indagini tradizionali e strumenti digitali innovativi, come i <strong>Virtual Living Labs<\/strong>, IMPULSE indaga percezioni, barriere e comportamenti di consumo.<\/p>\n\n\n\n<p>Grazie alla collaborazione tra ricerca e impresa, IMPULSE offre <strong>linee guida concrete<\/strong> per orientare le decisioni in materia di prezzo, strategia e investimento, aiutando le aziende a integrare pratiche di economia circolare nella propria filiera. Il risultato? Una crescita economica pi\u00f9 consapevole, allineata alle nuove sensibilit\u00e0 dei consumatori e ai valori della transizione ecologica.<\/p>\n\n\n\n<p><\/p>\n<\/div>\n\n\n\n<div class=\"wp-block-column is-layout-flow wp-block-column-is-layout-flow\" style=\"flex-basis:47%\">\n<figure class=\"wp-block-image size-full\"><img loading=\"lazy\" decoding=\"async\" width=\"930\" height=\"540\" src=\"https:\/\/www.campaniabioscience.it\/\/wp-content\/uploads\/2025\/03\/impulse-img-demo.webp\" alt=\"\" class=\"wp-image-1482\" srcset=\"https:\/\/www.campaniabioscience.it\/wp-content\/uploads\/2025\/03\/impulse-img-demo.webp 930w, https:\/\/www.campaniabioscience.it\/wp-content\/uploads\/2025\/03\/impulse-img-demo-720x418.webp 720w, https:\/\/www.campaniabioscience.it\/wp-content\/uploads\/2025\/03\/impulse-img-demo-768x446.webp 768w\" sizes=\"auto, (max-width: 930px) 100vw, 930px\" \/><\/figure>\n<\/div>\n<\/div>\n\n\n\n<h2 class=\"wp-block-heading\">Il progetto<\/h2>\n\n\n\n<p><strong>Durata del progetto<\/strong>: 12 mesi<br><strong>Budget complessivo<\/strong>: \u20ac 214.031,00, di cui \u20ac 179.985,10 richiesti sotto forma di contributo<br><strong>Coordinatore scientifico<\/strong>: Vincenzo Nigro, presidente del Distretto Campania Bioscience<br><strong>Coordinatore operativo<\/strong>: Roberta Lauro, responsabile della gestione operativa e del coordinamento con i partner<\/p>\n\n\n\n<p>IMPULSE intende porsi come modello replicabile anche a livello nazionale ed europeo, offrendo soluzioni innovative che possano essere applicate a vari contesti industriali e commerciali.<br><\/p>\n\n\n\n<div style=\"height:30px\" aria-hidden=\"true\" class=\"wp-block-spacer\"><\/div>\n\n\n\n<div class=\"wp-block-columns is-layout-flex wp-container-core-columns-is-layout-3 wp-block-columns-is-layout-flex\">\n<div class=\"wp-block-column is-vertically-aligned-bottom is-layout-flow wp-block-column-is-layout-flow\">\n<div class=\"wp-block-cover\"><span aria-hidden=\"true\" class=\"wp-block-cover__background has-black-background-color has-background-dim-40 has-background-dim\"><\/span><img loading=\"lazy\" decoding=\"async\" width=\"2220\" height=\"1130\" class=\"wp-block-cover__image-background wp-image-1459\" alt=\"\" src=\"http:\/\/localhost:8888\/CampaniaBioscience\/wp-content\/uploads\/2025\/03\/impulse-cover.webp\" data-object-fit=\"cover\" srcset=\"https:\/\/www.campaniabioscience.it\/wp-content\/uploads\/2025\/03\/impulse-cover.webp 2220w, https:\/\/www.campaniabioscience.it\/wp-content\/uploads\/2025\/03\/impulse-cover-720x366.webp 720w, https:\/\/www.campaniabioscience.it\/wp-content\/uploads\/2025\/03\/impulse-cover-1024x521.webp 1024w, https:\/\/www.campaniabioscience.it\/wp-content\/uploads\/2025\/03\/impulse-cover-768x391.webp 768w, https:\/\/www.campaniabioscience.it\/wp-content\/uploads\/2025\/03\/impulse-cover-1536x782.webp 1536w, https:\/\/www.campaniabioscience.it\/wp-content\/uploads\/2025\/03\/impulse-cover-2048x1042.webp 2048w, https:\/\/www.campaniabioscience.it\/wp-content\/uploads\/2025\/03\/impulse-cover-1500x764.webp 1500w\" sizes=\"auto, (max-width: 2220px) 100vw, 2220px\" \/><div class=\"wp-block-cover__inner-container is-layout-constrained wp-block-cover-is-layout-constrained\">\n<h4 class=\"wp-block-heading\" style=\"text-transform:uppercase\">Diario di bordo<\/h4>\n\n\n\n<p>Scopri il cammino verso un consumo pi\u00f9 consapevole<\/p>\n\n\n\n<div class=\"wp-block-buttons is-content-justification-left is-layout-flex wp-container-core-buttons-is-layout-1 wp-block-buttons-is-layout-flex\">\n<div class=\"wp-block-button\"><a class=\"wp-block-button__link wp-element-button\" style=\"border-radius:0px\">Scopri di pi\u00f9<\/a><\/div>\n<\/div>\n<\/div><\/div>\n<\/div>\n\n\n\n<div class=\"wp-block-column is-vertically-aligned-bottom is-layout-flow wp-block-column-is-layout-flow\">\n<div class=\"wp-block-cover\"><span aria-hidden=\"true\" class=\"wp-block-cover__background has-black-background-color has-background-dim-40 has-background-dim\"><\/span><img loading=\"lazy\" decoding=\"async\" width=\"2220\" height=\"1130\" class=\"wp-block-cover__image-background wp-image-1459\" alt=\"\" src=\"http:\/\/localhost:8888\/CampaniaBioscience\/wp-content\/uploads\/2025\/03\/impulse-cover.webp\" data-object-fit=\"cover\" srcset=\"https:\/\/www.campaniabioscience.it\/wp-content\/uploads\/2025\/03\/impulse-cover.webp 2220w, https:\/\/www.campaniabioscience.it\/wp-content\/uploads\/2025\/03\/impulse-cover-720x366.webp 720w, https:\/\/www.campaniabioscience.it\/wp-content\/uploads\/2025\/03\/impulse-cover-1024x521.webp 1024w, https:\/\/www.campaniabioscience.it\/wp-content\/uploads\/2025\/03\/impulse-cover-768x391.webp 768w, https:\/\/www.campaniabioscience.it\/wp-content\/uploads\/2025\/03\/impulse-cover-1536x782.webp 1536w, https:\/\/www.campaniabioscience.it\/wp-content\/uploads\/2025\/03\/impulse-cover-2048x1042.webp 2048w, https:\/\/www.campaniabioscience.it\/wp-content\/uploads\/2025\/03\/impulse-cover-1500x764.webp 1500w\" sizes=\"auto, (max-width: 2220px) 100vw, 2220px\" \/><div class=\"wp-block-cover__inner-container is-layout-constrained wp-block-cover-is-layout-constrained\">\n<h4 class=\"wp-block-heading\" style=\"text-transform:uppercase\">Sondaggi<\/h4>\n\n\n\n<p>D\u00ec la tua per contribuire al cambiamento<\/p>\n\n\n\n<div class=\"wp-block-buttons is-content-justification-left is-layout-flex wp-container-core-buttons-is-layout-2 wp-block-buttons-is-layout-flex\">\n<div class=\"wp-block-button\"><a class=\"wp-block-button__link wp-element-button\" style=\"border-radius:0px\">Scopri di pi\u00f9<\/a><\/div>\n<\/div>\n<\/div><\/div>\n<\/div>\n\n\n\n<div class=\"wp-block-column is-vertically-aligned-bottom is-layout-flow wp-block-column-is-layout-flow\">\n<div class=\"wp-block-cover\"><span aria-hidden=\"true\" class=\"wp-block-cover__background has-black-background-color has-background-dim-40 has-background-dim\"><\/span><img loading=\"lazy\" decoding=\"async\" width=\"2220\" height=\"1130\" class=\"wp-block-cover__image-background wp-image-1459\" alt=\"\" src=\"http:\/\/localhost:8888\/CampaniaBioscience\/wp-content\/uploads\/2025\/03\/impulse-cover.webp\" data-object-fit=\"cover\" srcset=\"https:\/\/www.campaniabioscience.it\/wp-content\/uploads\/2025\/03\/impulse-cover.webp 2220w, https:\/\/www.campaniabioscience.it\/wp-content\/uploads\/2025\/03\/impulse-cover-720x366.webp 720w, https:\/\/www.campaniabioscience.it\/wp-content\/uploads\/2025\/03\/impulse-cover-1024x521.webp 1024w, https:\/\/www.campaniabioscience.it\/wp-content\/uploads\/2025\/03\/impulse-cover-768x391.webp 768w, https:\/\/www.campaniabioscience.it\/wp-content\/uploads\/2025\/03\/impulse-cover-1536x782.webp 1536w, https:\/\/www.campaniabioscience.it\/wp-content\/uploads\/2025\/03\/impulse-cover-2048x1042.webp 2048w, https:\/\/www.campaniabioscience.it\/wp-content\/uploads\/2025\/03\/impulse-cover-1500x764.webp 1500w\" sizes=\"auto, (max-width: 2220px) 100vw, 2220px\" \/><div class=\"wp-block-cover__inner-container is-layout-constrained wp-block-cover-is-layout-constrained\">\n<h4 class=\"wp-block-heading\" style=\"text-transform:uppercase\">Seminari<\/h4>\n\n\n\n<p>Innovazione condivisa per soluzioni sostenibili<\/p>\n\n\n\n<div class=\"wp-block-buttons is-content-justification-left is-layout-flex wp-container-core-buttons-is-layout-3 wp-block-buttons-is-layout-flex\">\n<div class=\"wp-block-button\"><a class=\"wp-block-button__link wp-element-button\" style=\"border-radius:0px\">Scopri di pi\u00f9<\/a><\/div>\n<\/div>\n<\/div><\/div>\n<\/div>\n<\/div>\n\n\n\n<div style=\"height:30px\" aria-hidden=\"true\" class=\"wp-block-spacer\"><\/div>\n\n\n\n<h2 class=\"wp-block-heading\">Altri progetti del contesto i-NEST<\/h2>\n\n\n\n<p>Il progetto <strong>IMPULSE<\/strong> si inserisce in un ecosistema di innovazione pi\u00f9 ampio, supportato dall\u2019iniziativa <a href=\"https:\/\/www.consorzioinest.it\"><strong>i-NEST <\/strong><\/a><strong>\u2013 Interconnected Nord-Est Innovation Ecosystem<\/strong>, che mira a promuovere la sostenibilit\u00e0 e l\u2019innovazione in diversi settori. In particolare, si colloca all\u2019interno dello Spoke 7 sul settore agroalimentare.<\/p>\n\n\n\n<p>Nel contesto di i-NEST, i progetti sono organizzati secondo nove <strong>spokes<\/strong> tematici, ciascuno dei quali si occupa di un\u2019area chiave:<\/p>\n\n\n\n<ul class=\"wp-block-list\">\n<li><strong>Spoke 1 Ecosistemi Montani<\/strong>: Soluzioni per migliorare la qualit\u00e0 della vita nelle aree montane.<\/li>\n\n\n\n<li><strong>Spoke 2 Salute e Benessere<\/strong>: Innovazioni in biotecnologie e salute.<\/li>\n\n\n\n<li><strong>Spoke 3 Energia e Manifattura Intelligente<\/strong>: Transizione verso un\u2019industria sostenibile.<\/li>\n\n\n\n<li><strong>Spoke 4 Architettura e Costruzioni Sostenibili<\/strong>: Progetti per design sostenibile.<\/li>\n\n\n\n<li><strong>Spoke 5 Industria 5.0<\/strong>: Digitalizzazione e innovazioni industriali.<\/li>\n\n\n\n<li><strong>Spoke 6 Narrazioni e Modelli di Business Sostenibili<\/strong>.<\/li>\n<\/ul>\n\n\n\n<p>Per maggiori dettagli, consulta il<a href=\"https:\/\/www.consorzioinest.it\/wp-content\/uploads\/2023\/03\/Piano-Generale-Attivita-iNEST_new_3_web.pdf\"> Piano Generale delle Attivit\u00e0 di iNEST<\/a>.<\/p>\n\n\n\n<div style=\"height:60px\" aria-hidden=\"true\" class=\"wp-block-spacer\"><\/div>\n\n\n\n<h2 class=\"wp-block-heading\">Diario di bordo<\/h2>","protected":false},"excerpt":{"rendered":"<p class=\"qtranxs-available-languages-message qtranxs-available-languages-message-en\">Sorry, this entry is only available in <a href=\"https:\/\/www.campaniabioscience.it\/it\/wp-json\/wp\/v2\/pages\/1427\" class=\"qtranxs-available-language-link qtranxs-available-language-link-it\" title=\"Italiano\">Italiano<\/a>.<\/p>\n","protected":false},"author":1,"featured_media":0,"parent":0,"menu_order":30,"comment_status":"closed","ping_status":"closed","template":"template_landing-project.php","meta":{"footnotes":""},"class_list":["post-1427","page","type-page","status-publish","hentry"],"acf":[],"_links":{"self":[{"href":"https:\/\/www.campaniabioscience.it\/en\/wp-json\/wp\/v2\/pages\/1427","targetHints":{"allow":["GET"]}}],"collection":[{"href":"https:\/\/www.campaniabioscience.it\/en\/wp-json\/wp\/v2\/pages"}],"about":[{"href":"https:\/\/www.campaniabioscience.it\/en\/wp-json\/wp\/v2\/types\/page"}],"author":[{"embeddable":true,"href":"https:\/\/www.campaniabioscience.it\/en\/wp-json\/wp\/v2\/users\/1"}],"replies":[{"embeddable":true,"href":"https:\/\/www.campaniabioscience.it\/en\/wp-json\/wp\/v2\/comments?post=1427"}],"version-history":[{"count":59,"href":"https:\/\/www.campaniabioscience.it\/en\/wp-json\/wp\/v2\/pages\/1427\/revisions"}],"predecessor-version":[{"id":1647,"href":"https:\/\/www.campaniabioscience.it\/en\/wp-json\/wp\/v2\/pages\/1427\/revisions\/1647"}],"wp:attachment":[{"href":"https:\/\/www.campaniabioscience.it\/en\/wp-json\/wp\/v2\/media?parent=1427"}],"curies":[{"name":"wp","href":"https:\/\/api.w.org\/{rel}","templated":true}]}}